{"id":40,"date":"2021-02-24T22:21:22","date_gmt":"2021-02-24T21:21:22","guid":{"rendered":"http:\/\/www.mariograf.pl\/?page_id=40"},"modified":"2024-10-03T19:28:37","modified_gmt":"2024-10-03T17:28:37","slug":"malarstwo","status":"publish","type":"page","link":"http:\/\/www.mariograf.pl\/index.php\/malarstwo\/","title":{"rendered":"Malarstwo"},"content":{"rendered":"\n<div class=\"wp-block-group\"><div class=\"wp-block-group__inner-container is-layout-flow wp-block-group-is-layout-flow\">\n<figure class=\"wp-block-image size-full\"><img loading=\"lazy\" decoding=\"async\" width=\"1024\" height=\"1024\" src=\"http:\/\/www.mariograf.pl\/wp-content\/uploads\/2022\/01\/Cztery-pory-roku-jesien-MG-1024.jpg\" alt=\"\" class=\"wp-image-159\" srcset=\"http:\/\/www.mariograf.pl\/wp-content\/uploads\/2022\/01\/Cztery-pory-roku-jesien-MG-1024.jpg 1024w, http:\/\/www.mariograf.pl\/wp-content\/uploads\/2022\/01\/Cztery-pory-roku-jesien-MG-1024-300x300.jpg 300w, http:\/\/www.mariograf.pl\/wp-content\/uploads\/2022\/01\/Cztery-pory-roku-jesien-MG-1024-150x150.jpg 150w, http:\/\/www.mariograf.pl\/wp-content\/uploads\/2022\/01\/Cztery-pory-roku-jesien-MG-1024-768x768.jpg 768w\" sizes=\"auto, (max-width: 1024px) 100vw, 1024px\" \/><figcaption class=\"wp-element-caption\">Cztery pory roku &#8211; &#8222;Jesie\u0144&#8221;<\/figcaption><\/figure>\n\n\n\n<p class=\"has-text-align-right\">Akryl, deska malarska, 40 x 40 cm, stycze\u0144 2022<\/p>\n\n\n\n<hr class=\"wp-block-separator has-alpha-channel-opacity\"\/>\n\n\n\n<figure class=\"wp-block-image alignfull size-large is-style-default\"><img loading=\"lazy\" decoding=\"async\" width=\"985\" height=\"1024\" src=\"http:\/\/www.mariograf.pl\/wp-content\/uploads\/2021\/05\/2.-Morze-2018-07-08-MG-1024-985x1024.jpg\" alt=\"\" class=\"wp-image-126\" srcset=\"http:\/\/www.mariograf.pl\/wp-content\/uploads\/2021\/05\/2.-Morze-2018-07-08-MG-1024-985x1024.jpg 985w, http:\/\/www.mariograf.pl\/wp-content\/uploads\/2021\/05\/2.-Morze-2018-07-08-MG-1024-288x300.jpg 288w, http:\/\/www.mariograf.pl\/wp-content\/uploads\/2021\/05\/2.-Morze-2018-07-08-MG-1024-768x799.jpg 768w, http:\/\/www.mariograf.pl\/wp-content\/uploads\/2021\/05\/2.-Morze-2018-07-08-MG-1024.jpg 1024w\" sizes=\"auto, (max-width: 985px) 100vw, 985px\" \/><figcaption class=\"wp-element-caption\"><em><span style=\"color:#050d7a\" class=\"has-inline-color\">&#8222;Morze&#8221;<\/span><\/em><\/figcaption><\/figure>\n\n\n\n<p class=\"has-text-align-right\">Akryl, p\u0142\u00f3tno, 40 x 40 cm, 2018<\/p>\n\n\n\n<hr class=\"wp-block-separator has-css-opacity is-style-wide\"\/>\n\n\n\n<figure class=\"wp-block-image alignfull size-large\"><img loading=\"lazy\" decoding=\"async\" width=\"1024\" height=\"778\" src=\"http:\/\/www.mariograf.pl\/wp-content\/uploads\/2021\/05\/6.-Jesien-na-Skielku-2019-01-27-MG-1024.jpg\" alt=\"\" class=\"wp-image-123\" srcset=\"http:\/\/www.mariograf.pl\/wp-content\/uploads\/2021\/05\/6.-Jesien-na-Skielku-2019-01-27-MG-1024.jpg 1024w, http:\/\/www.mariograf.pl\/wp-content\/uploads\/2021\/05\/6.-Jesien-na-Skielku-2019-01-27-MG-1024-300x228.jpg 300w, http:\/\/www.mariograf.pl\/wp-content\/uploads\/2021\/05\/6.-Jesien-na-Skielku-2019-01-27-MG-1024-768x584.jpg 768w\" sizes=\"auto, (max-width: 1024px) 100vw, 1024px\" \/><figcaption class=\"wp-element-caption\">&#8222;Jesie\u0144 na Skie\u0142ku&#8221;<\/figcaption><\/figure>\n\n\n\n<p class=\"has-text-align-right\">Akryl, p\u0142\u00f3tno, 40 x 50 cm, 2019, w\u0142asno\u015b\u0107 prywatna<\/p>\n\n\n\n<hr class=\"wp-block-separator has-css-opacity is-style-wide\"\/>\n\n\n\n<figure class=\"wp-block-image alignfull size-large\"><img loading=\"lazy\" decoding=\"async\" width=\"1024\" height=\"824\" src=\"http:\/\/www.mariograf.pl\/wp-content\/uploads\/2021\/05\/13.-Lubon-Wielki-MG-1024.jpg\" alt=\"\" class=\"wp-image-119\" srcset=\"http:\/\/www.mariograf.pl\/wp-content\/uploads\/2021\/05\/13.-Lubon-Wielki-MG-1024.jpg 1024w, http:\/\/www.mariograf.pl\/wp-content\/uploads\/2021\/05\/13.-Lubon-Wielki-MG-1024-300x241.jpg 300w, http:\/\/www.mariograf.pl\/wp-content\/uploads\/2021\/05\/13.-Lubon-Wielki-MG-1024-768x618.jpg 768w\" sizes=\"auto, (max-width: 1024px) 100vw, 1024px\" \/><figcaption class=\"wp-element-caption\">&#8222;Lubo\u0144 Wielki&#8221;<\/figcaption><\/figure>\n\n\n\n<p class=\"has-text-align-right\">Akryl, p\u0142\u00f3tno, 40 x 50 cm, 2020<\/p>\n\n\n\n<hr class=\"wp-block-separator has-css-opacity is-style-wide\"\/>\n\n\n\n<figure class=\"wp-block-image alignfull size-large\"><img loading=\"lazy\" decoding=\"async\" width=\"1024\" height=\"1024\" src=\"http:\/\/www.mariograf.pl\/wp-content\/uploads\/2021\/05\/15.-Slonecznik-1024.jpg\" alt=\"\" class=\"wp-image-127\" srcset=\"http:\/\/www.mariograf.pl\/wp-content\/uploads\/2021\/05\/15.-Slonecznik-1024.jpg 1024w, http:\/\/www.mariograf.pl\/wp-content\/uploads\/2021\/05\/15.-Slonecznik-1024-300x300.jpg 300w, http:\/\/www.mariograf.pl\/wp-content\/uploads\/2021\/05\/15.-Slonecznik-1024-150x150.jpg 150w, http:\/\/www.mariograf.pl\/wp-content\/uploads\/2021\/05\/15.-Slonecznik-1024-768x768.jpg 768w\" sizes=\"auto, (max-width: 1024px) 100vw, 1024px\" \/><figcaption class=\"wp-element-caption\">&#8222;S\u0142onecznik&#8221;<\/figcaption><\/figure>\n<\/div><\/div>\n\n\n\n<p class=\"has-text-align-right\">Akryl, p\u0142\u00f3tno, 40 x 40 cm, 2021, w\u0142asno\u015b\u0107 prywatna<\/p>\n\n\n\n<hr class=\"wp-block-separator has-css-opacity is-style-wide\"\/>\n\n\n\n<p><\/p>\n","protected":false},"excerpt":{"rendered":"<p>Akryl, deska malarska, 40 x 40 cm, stycze\u0144 2022 Akryl, p\u0142\u00f3tno, 40 x 40 cm, 2018 Akryl, p\u0142\u00f3tno, 40 x 50 cm, 2019, w\u0142asno\u015b\u0107 prywatna Akryl, p\u0142\u00f3tno, 40 x 50 cm, 2020 Akryl, p\u0142\u00f3tno, 40 x 40 cm, 2021, w\u0142asno\u015b\u0107 prywatna<\/p>\n","protected":false},"author":1,"featured_media":0,"parent":0,"menu_order":1,"comment_status":"closed","ping_status":"closed","template":"","meta":{"footnotes":""},"class_list":["post-40","page","type-page","status-publish","hentry"],"_links":{"self":[{"href":"http:\/\/www.mariograf.pl\/index.php\/wp-json\/wp\/v2\/pages\/40","targetHints":{"allow":["GET"]}}],"collection":[{"href":"http:\/\/www.mariograf.pl\/index.php\/wp-json\/wp\/v2\/pages"}],"about":[{"href":"http:\/\/www.mariograf.pl\/index.php\/wp-json\/wp\/v2\/types\/page"}],"author":[{"embeddable":true,"href":"http:\/\/www.mariograf.pl\/index.php\/wp-json\/wp\/v2\/users\/1"}],"replies":[{"embeddable":true,"href":"http:\/\/www.mariograf.pl\/index.php\/wp-json\/wp\/v2\/comments?post=40"}],"version-history":[{"count":17,"href":"http:\/\/www.mariograf.pl\/index.php\/wp-json\/wp\/v2\/pages\/40\/revisions"}],"predecessor-version":[{"id":197,"href":"http:\/\/www.mariograf.pl\/index.php\/wp-json\/wp\/v2\/pages\/40\/revisions\/197"}],"wp:attachment":[{"href":"http:\/\/www.mariograf.pl\/index.php\/wp-json\/wp\/v2\/media?parent=40"}],"curies":[{"name":"wp","href":"https:\/\/api.w.org\/{rel}","templated":true}]}}