{"id":52,"date":"2021-05-25T21:00:00","date_gmt":"2021-05-25T19:00:00","guid":{"rendered":"http:\/\/www.mariograf.pl\/?page_id=52"},"modified":"2024-10-03T15:59:17","modified_gmt":"2024-10-03T13:59:17","slug":"mariusz-olejniczak","status":"publish","type":"page","link":"http:\/\/www.mariograf.pl\/index.php\/mariusz-olejniczak\/","title":{"rendered":"Mariusz Olejniczak"},"content":{"rendered":"\n<figure class=\"wp-block-image size-large\"><img loading=\"lazy\" decoding=\"async\" width=\"692\" height=\"650\" src=\"http:\/\/www.mariograf.pl\/wp-content\/uploads\/2021\/05\/Mariusz-2-MG-20-proc.jpg\" alt=\"\" class=\"wp-image-110\" srcset=\"http:\/\/www.mariograf.pl\/wp-content\/uploads\/2021\/05\/Mariusz-2-MG-20-proc.jpg 692w, http:\/\/www.mariograf.pl\/wp-content\/uploads\/2021\/05\/Mariusz-2-MG-20-proc-300x282.jpg 300w\" sizes=\"auto, (max-width: 692px) 100vw, 692px\" \/><\/figure>\n\n\n\n<p class=\"has-text-align-left\">Urodzi\u0142em si\u0119 w Krakowie, w kt\u00f3rym zreszt\u0105 mieszkam do dnia dzisiejszego. Chocia\u017c jestem absolwentem uczelni technicznej (mgr in\u017c. energetyk) od lat wiele czasu po\u015bwi\u0119cam sztuce. Ostatnio sporo malarstwu, dawniej zajmowa\u0142em si\u0119 tak\u017ce grafik\u0105. St\u0105d nazwa strony &#8211; MarioGraf, kt\u00f3ra jest odwo\u0142aniem do czas\u00f3w sprzed dwudziestu lat.<br>Jak ju\u017c z pewno\u015bci\u0105 Pa\u0144stwo zauwa\u017cyli, w swojej tw\u00f3rczo\u015bci sporo czasu przeznaczam na pejza\u017ce, w szczeg\u00f3lno\u015bci te zwi\u0105zane z Ma\u0142opolsk\u0105. Beskid Wyspowy, Podhale czy Jura, to miejsca w kt\u00f3rych lubi\u0119 bywa\u0107, a p\u00f3\u017aniej te momenty uwiecznia\u0107 w swoich pracach. Postaram si\u0119, aby wi\u0119kszo\u015b\u0107 z nich opisana znalaz\u0142a si\u0119 na stronie. Tak\u017ce te prace, kt\u00f3re ju\u017c si\u0119 znajduj\u0105 w r\u0119kach prywatnych. <\/p>\n\n\n\n<figure class=\"wp-block-image size-full\"><img loading=\"lazy\" decoding=\"async\" width=\"780\" height=\"895\" src=\"http:\/\/www.mariograf.pl\/wp-content\/uploads\/2024\/10\/Sonia-tworzenie-pracy-MG.jpg\" alt=\"\" class=\"wp-image-177\" srcset=\"http:\/\/www.mariograf.pl\/wp-content\/uploads\/2024\/10\/Sonia-tworzenie-pracy-MG.jpg 780w, http:\/\/www.mariograf.pl\/wp-content\/uploads\/2024\/10\/Sonia-tworzenie-pracy-MG-261x300.jpg 261w, http:\/\/www.mariograf.pl\/wp-content\/uploads\/2024\/10\/Sonia-tworzenie-pracy-MG-768x881.jpg 768w\" sizes=\"auto, (max-width: 780px) 100vw, 780px\" \/><\/figure>\n","protected":false},"excerpt":{"rendered":"<p>Urodzi\u0142em si\u0119 w Krakowie, w kt\u00f3rym zreszt\u0105 mieszkam do dnia dzisiejszego. Chocia\u017c jestem absolwentem uczelni technicznej (mgr in\u017c. energetyk) od lat wiele czasu po\u015bwi\u0119cam sztuce. Ostatnio sporo malarstwu, dawniej zajmowa\u0142em si\u0119 tak\u017ce grafik\u0105. St\u0105d nazwa strony &#8211; MarioGraf, kt\u00f3ra jest odwo\u0142aniem do czas\u00f3w sprzed dwudziestu lat.Jak ju\u017c z pewno\u015bci\u0105 Pa\u0144stwo zauwa\u017cyli, w swojej tw\u00f3rczo\u015bci sporo &hellip; <a href=\"http:\/\/www.mariograf.pl\/index.php\/mariusz-olejniczak\/\" class=\"more-link\">Czytaj dalej <span class=\"screen-reader-text\">Mariusz Olejniczak<\/span> <span class=\"meta-nav\">&rarr;<\/span><\/a><\/p>\n","protected":false},"author":1,"featured_media":0,"parent":0,"menu_order":2,"comment_status":"closed","ping_status":"closed","template":"","meta":{"footnotes":""},"class_list":["post-52","page","type-page","status-publish","hentry"],"_links":{"self":[{"href":"http:\/\/www.mariograf.pl\/index.php\/wp-json\/wp\/v2\/pages\/52","targetHints":{"allow":["GET"]}}],"collection":[{"href":"http:\/\/www.mariograf.pl\/index.php\/wp-json\/wp\/v2\/pages"}],"about":[{"href":"http:\/\/www.mariograf.pl\/index.php\/wp-json\/wp\/v2\/types\/page"}],"author":[{"embeddable":true,"href":"http:\/\/www.mariograf.pl\/index.php\/wp-json\/wp\/v2\/users\/1"}],"replies":[{"embeddable":true,"href":"http:\/\/www.mariograf.pl\/index.php\/wp-json\/wp\/v2\/comments?post=52"}],"version-history":[{"count":12,"href":"http:\/\/www.mariograf.pl\/index.php\/wp-json\/wp\/v2\/pages\/52\/revisions"}],"predecessor-version":[{"id":179,"href":"http:\/\/www.mariograf.pl\/index.php\/wp-json\/wp\/v2\/pages\/52\/revisions\/179"}],"wp:attachment":[{"href":"http:\/\/www.mariograf.pl\/index.php\/wp-json\/wp\/v2\/media?parent=52"}],"curies":[{"name":"wp","href":"https:\/\/api.w.org\/{rel}","templated":true}]}}